{"id":804,"date":"2026-04-05T14:16:28","date_gmt":"2026-04-05T12:16:28","guid":{"rendered":"https:\/\/www.angelverein-brokstedt.de\/?page_id=804"},"modified":"2026-04-05T15:03:04","modified_gmt":"2026-04-05T13:03:04","slug":"hennstedt","status":"publish","type":"page","link":"https:\/\/www.angelverein-brokstedt.de\/?page_id=804","title":{"rendered":"Hennstedt"},"content":{"rendered":"\n<p>\u2022 Der Verein verf\u00fcgt in Hennstedt \u00fcber 2 Tonkuhlen mit einer Gesamtfl\u00e4che von ca. 2,5 ha<\/p>\n\n\n\n<p>\u2022 die von der Zufahrt aus linke Tonkuhle (TKL &#8211; Nordseite) ist bis zu 6 Meter tief<\/p>\n\n\n\n<p>\u2022 die von der Zufahrt aus rechte Tonkuhle (TKR &#8211; S\u00fcdseite) ist bis zu 2 Meter tief<\/p>\n\n\n\n<p>\u2022 die Tonkuhlen weisen einen guten Bestand von Hecht, Zander und Karpfen auf<\/p>\n\n\n\n<p>\u2022 f\u00fcr Mitglieder gelten die jew. <a href=\"https:\/\/www.angelverein-brokstedt.de\/?p=800\">Bestimmungen f\u00fcr das Gew\u00e4sser<\/a><\/p>\n\n\n\n<p><a href=\"https:\/\/maps.app.goo.gl\/Jqiqha5MuEFyZTJW9\" target=\"_blank\" rel=\"noreferrer noopener\">Google Karte anzeigen<\/a><\/p>\n\n\n\n<figure class=\"wp-block-image size-full\"><img loading=\"lazy\" decoding=\"async\" width=\"616\" height=\"680\" src=\"https:\/\/www.angelverein-brokstedt.de\/wp-content\/uploads\/2026\/04\/tonkuhlen.png\" alt=\"\" class=\"wp-image-818\" srcset=\"https:\/\/www.angelverein-brokstedt.de\/wp-content\/uploads\/2026\/04\/tonkuhlen.png 616w, https:\/\/www.angelverein-brokstedt.de\/wp-content\/uploads\/2026\/04\/tonkuhlen-272x300.png 272w\" sizes=\"auto, (max-width: 616px) 100vw, 616px\" \/><\/figure>\n","protected":false},"excerpt":{"rendered":"<p>\u2022 Der Verein verf\u00fcgt in Hennstedt \u00fcber 2 Tonkuhlen mit einer Gesamtfl\u00e4che von ca. 2,5 ha \u2022 die von der[&#8230;]<\/p>\n","protected":false},"author":1,"featured_media":0,"parent":0,"menu_order":0,"comment_status":"closed","ping_status":"closed","template":"","meta":{"footnotes":""},"class_list":["post-804","page","type-page","status-publish","hentry"],"_links":{"self":[{"href":"https:\/\/www.angelverein-brokstedt.de\/index.php?rest_route=\/wp\/v2\/pages\/804","targetHints":{"allow":["GET"]}}],"collection":[{"href":"https:\/\/www.angelverein-brokstedt.de\/index.php?rest_route=\/wp\/v2\/pages"}],"about":[{"href":"https:\/\/www.angelverein-brokstedt.de\/index.php?rest_route=\/wp\/v2\/types\/page"}],"author":[{"embeddable":true,"href":"https:\/\/www.angelverein-brokstedt.de\/index.php?rest_route=\/wp\/v2\/users\/1"}],"replies":[{"embeddable":true,"href":"https:\/\/www.angelverein-brokstedt.de\/index.php?rest_route=%2Fwp%2Fv2%2Fcomments&post=804"}],"version-history":[{"count":3,"href":"https:\/\/www.angelverein-brokstedt.de\/index.php?rest_route=\/wp\/v2\/pages\/804\/revisions"}],"predecessor-version":[{"id":819,"href":"https:\/\/www.angelverein-brokstedt.de\/index.php?rest_route=\/wp\/v2\/pages\/804\/revisions\/819"}],"wp:attachment":[{"href":"https:\/\/www.angelverein-brokstedt.de\/index.php?rest_route=%2Fwp%2Fv2%2Fmedia&parent=804"}],"curies":[{"name":"wp","href":"https:\/\/api.w.org\/{rel}","templated":true}]}}