{"id":677,"date":"2025-06-28T23:48:44","date_gmt":"2025-06-28T21:48:44","guid":{"rendered":"https:\/\/www.angelverein-brokstedt.de\/?page_id=677"},"modified":"2025-06-28T23:48:45","modified_gmt":"2025-06-28T21:48:45","slug":"vereinsleben","status":"publish","type":"page","link":"https:\/\/www.angelverein-brokstedt.de\/?page_id=677","title":{"rendered":"Vereinsleben"},"content":{"rendered":"\n<p>Zu Jahresbeginn findet die allj\u00e4hrliche Jahreshauptversammlung in den B\u00fcrgerstuben in Brokstedt statt, zu der alle Vereinsmitglieder eingeladen sind. Zur Tagesordnung geh\u00f6ren u.a. Berichte der Vorstandsmitglieder, Antr\u00e4ge, Ehrungen als auch Neuwahlen.<\/p>\n\n\n\n<p>\u00dcber das Jahr verteilt finden gemeinschaftliche Angelveranstaltungen an unseren Teichen als auch an der St\u00f6r statt, das gemeinsame Gr\u00fcnkohlessen rundet das Jahresende ab. Eine WhatsApp-Gruppe f\u00fcr den Verein vereinfacht die Vernetzung untereinander, erm\u00f6glicht kurzfristige Ank\u00fcndigungen und erleichtert die \u00dcbersicht \u00fcber anstehende Termine.<\/p>\n\n\n\n<p>Zus\u00e4tzliches Engagement ist durch die Teilnahme an Arbeitsdiensten als auch \u00fcber Vorstandsarbeit m\u00f6glich.<\/p>\n","protected":false},"excerpt":{"rendered":"<p>Zu Jahresbeginn findet die allj\u00e4hrliche Jahreshauptversammlung in den B\u00fcrgerstuben in Brokstedt statt, zu der alle Vereinsmitglieder eingeladen sind. Zur Tagesordnung[&#8230;]<\/p>\n","protected":false},"author":126,"featured_media":0,"parent":0,"menu_order":0,"comment_status":"closed","ping_status":"closed","template":"","meta":{"footnotes":""},"class_list":["post-677","page","type-page","status-publish","hentry"],"_links":{"self":[{"href":"https:\/\/www.angelverein-brokstedt.de\/index.php?rest_route=\/wp\/v2\/pages\/677","targetHints":{"allow":["GET"]}}],"collection":[{"href":"https:\/\/www.angelverein-brokstedt.de\/index.php?rest_route=\/wp\/v2\/pages"}],"about":[{"href":"https:\/\/www.angelverein-brokstedt.de\/index.php?rest_route=\/wp\/v2\/types\/page"}],"author":[{"embeddable":true,"href":"https:\/\/www.angelverein-brokstedt.de\/index.php?rest_route=\/wp\/v2\/users\/126"}],"replies":[{"embeddable":true,"href":"https:\/\/www.angelverein-brokstedt.de\/index.php?rest_route=%2Fwp%2Fv2%2Fcomments&post=677"}],"version-history":[{"count":1,"href":"https:\/\/www.angelverein-brokstedt.de\/index.php?rest_route=\/wp\/v2\/pages\/677\/revisions"}],"predecessor-version":[{"id":679,"href":"https:\/\/www.angelverein-brokstedt.de\/index.php?rest_route=\/wp\/v2\/pages\/677\/revisions\/679"}],"wp:attachment":[{"href":"https:\/\/www.angelverein-brokstedt.de\/index.php?rest_route=%2Fwp%2Fv2%2Fmedia&parent=677"}],"curies":[{"name":"wp","href":"https:\/\/api.w.org\/{rel}","templated":true}]}}