{"id":24,"date":"2021-12-28T19:30:49","date_gmt":"2021-12-28T18:30:49","guid":{"rendered":"https:\/\/www.angelverein-brokstedt.de\/?page_id=24"},"modified":"2026-04-05T14:09:27","modified_gmt":"2026-04-05T12:09:27","slug":"jugend","status":"publish","type":"page","link":"https:\/\/www.angelverein-brokstedt.de\/?page_id=24","title":{"rendered":"Jugend"},"content":{"rendered":"\n<p>Du hast Angeln als dein Hobby entdeckt oder m\u00f6chtest gerne mit dem Angeln anfangen?<\/p>\n\n\n\n<p>Dann sind nur wenige Dinge zu ber\u00fccksichtigen:<\/p>\n\n\n\n<p><strong><strong>Du bist j\u00fcnger als 12 Jahre?<\/strong><\/strong><\/p>\n\n\n\n<ul class=\"wp-block-list\">\n<li>Dann brauchst du noch keinen eigenen Fischereischein.<\/li>\n<\/ul>\n\n\n\n<ul class=\"wp-block-list\">\n<li>Du kannst an unseren Vereinsgew\u00e4ssern angeln, solange ein erwachsenes Vereinsmitglied mit g\u00fcltigem Fischereischein dabei ist.<\/li>\n<\/ul>\n\n\n\n<p><strong>Du bist zwischen 12 und 18 Jahre alt?<\/strong><\/p>\n\n\n\n<ul class=\"wp-block-list\">\n<li>Dann brauchst du einen eigenen regul\u00e4ren Fischereischein. Daf\u00fcr besuchst du einen Fischereischeinlehrgang &#8211; entweder in Pr\u00e4senz oder online &#8211; und legst abschlie\u00dfend eine Pr\u00fcfung ab.<\/li>\n<\/ul>\n\n\n\n<ul class=\"wp-block-list\">\n<li>Du darfst auch ohne Begleitung eines erwachsenen Vereinsmitglieds angeln<\/li>\n<\/ul>\n\n\n\n<p><\/p>\n\n\n\n<p>Wenn du Fragen hast, kannst du dich gerne an unsere Jugendwarte wenden, telefonisch oder du schreibst hier gleich eine Nachricht.<\/p>\n\n\n\n<p>Jugendwart<br>Kai Peter Bruhnke<\/p>\n\n\n\n<p><\/p>\n\n\n\n<p><\/p>\n\n\n\n<p><\/p>\n\n\n\n<p>Kai Peter Bruhnke<\/p>\n\n\n\n<p>(0162\/ 8734491)<\/p>\n\n\n<div class=\"wpforms-container wpforms-container-full wpforms-block wpforms-block-dec5b615-14d7-41aa-b5da-9742dfb29a8c\" id=\"wpforms-371\"><form id=\"wpforms-form-371\" class=\"wpforms-validate wpforms-form wpforms-ajax-form\" data-formid=\"371\" method=\"post\" enctype=\"multipart\/form-data\" action=\"\/index.php?rest_route=%2Fwp%2Fv2%2Fpages%2F24\" data-token=\"2ef0590978e18d5e8e666a338d7a2e03\" data-token-time=\"1776651185\"><noscript class=\"wpforms-error-noscript\">Bitte aktiviere JavaScript in deinem Browser, um dieses Formular fertigzustellen.<\/noscript><div class=\"wpforms-field-container\"><div id=\"wpforms-371-field_0-container\" class=\"wpforms-field wpforms-field-name\" data-field-id=\"0\"><label class=\"wpforms-field-label\">Name <span class=\"wpforms-required-label\">*<\/span><\/label><div class=\"wpforms-field-row wpforms-field-medium\"><div class=\"wpforms-field-row-block wpforms-first wpforms-one-half\"><input type=\"text\" id=\"wpforms-371-field_0\" class=\"wpforms-field-name-first wpforms-field-required\" name=\"wpforms[fields][0][first]\" required><label for=\"wpforms-371-field_0\" class=\"wpforms-field-sublabel after\">Vorname<\/label><\/div><div class=\"wpforms-field-row-block wpforms-one-half\"><input type=\"text\" id=\"wpforms-371-field_0-last\" class=\"wpforms-field-name-last wpforms-field-required\" name=\"wpforms[fields][0][last]\" required><label for=\"wpforms-371-field_0-last\" class=\"wpforms-field-sublabel after\">Nachname<\/label><\/div><\/div><\/div><div id=\"wpforms-371-field_1-container\" class=\"wpforms-field wpforms-field-email\" data-field-id=\"1\"><label class=\"wpforms-field-label\">E-Mail <span class=\"wpforms-required-label\">*<\/span><\/label><div class=\"wpforms-field-row wpforms-field-medium\"><div class=\"wpforms-field-row-block wpforms-one-half wpforms-first\"><input type=\"email\" id=\"wpforms-371-field_1\" class=\"wpforms-field-required wpforms-field-email-primary\" name=\"wpforms[fields][1][primary]\" spellcheck=\"false\" required><label for=\"wpforms-371-field_1\" class=\"wpforms-field-sublabel after\">E-Mail-Adresse<\/label><\/div><div class=\"wpforms-field-row-block wpforms-one-half\"><input type=\"email\" id=\"wpforms-371-field_1-secondary\" class=\"wpforms-field-email-secondary wpforms-field-required\" data-rule-confirm=\"#wpforms-371-field_1\" name=\"wpforms[fields][1][secondary]\" spellcheck=\"false\" required><label for=\"wpforms-371-field_1-secondary\" class=\"wpforms-field-sublabel after\">E-Mail best\u00e4tigen<\/label><\/div><\/div><\/div><div id=\"wpforms-371-field_2-container\" class=\"wpforms-field wpforms-field-textarea\" data-field-id=\"2\"><label class=\"wpforms-field-label\" for=\"wpforms-371-field_2\">Nachricht <span class=\"wpforms-required-label\">*<\/span><\/label><textarea id=\"wpforms-371-field_2\" class=\"wpforms-field-medium wpforms-field-required\" name=\"wpforms[fields][2]\" required><\/textarea><\/div><\/div><!-- .wpforms-field-container --><div class=\"wpforms-submit-container\" ><input type=\"hidden\" name=\"wpforms[id]\" value=\"371\"><input type=\"hidden\" name=\"page_title\" value=\"\"><input type=\"hidden\" name=\"page_url\" value=\"https:\/\/www.angelverein-brokstedt.de\/index.php?rest_route=\/wp\/v2\/pages\/24\"><input type=\"hidden\" name=\"url_referer\" value=\"\"><button type=\"submit\" name=\"wpforms[submit]\" id=\"wpforms-submit-371\" class=\"wpforms-submit\" data-alt-text=\"Gesendet...\" data-submit-text=\"Senden\" aria-live=\"assertive\" value=\"wpforms-submit\">Senden<\/button><img loading=\"lazy\" decoding=\"async\" src=\"https:\/\/www.angelverein-brokstedt.de\/wp-content\/plugins\/wpforms-lite\/assets\/images\/submit-spin.svg\" class=\"wpforms-submit-spinner\" style=\"display: none;\" width=\"26\" height=\"26\" alt=\"Wird geladen\"><\/div><\/form><\/div>  <!-- .wpforms-container -->","protected":false},"excerpt":{"rendered":"<p>Du hast Angeln als dein Hobby entdeckt oder m\u00f6chtest gerne mit dem Angeln anfangen? Dann sind nur wenige Dinge zu[&#8230;]<\/p>\n","protected":false},"author":1,"featured_media":0,"parent":0,"menu_order":0,"comment_status":"closed","ping_status":"closed","template":"","meta":{"footnotes":""},"class_list":["post-24","page","type-page","status-publish","hentry"],"_links":{"self":[{"href":"https:\/\/www.angelverein-brokstedt.de\/index.php?rest_route=\/wp\/v2\/pages\/24","targetHints":{"allow":["GET"]}}],"collection":[{"href":"https:\/\/www.angelverein-brokstedt.de\/index.php?rest_route=\/wp\/v2\/pages"}],"about":[{"href":"https:\/\/www.angelverein-brokstedt.de\/index.php?rest_route=\/wp\/v2\/types\/page"}],"author":[{"embeddable":true,"href":"https:\/\/www.angelverein-brokstedt.de\/index.php?rest_route=\/wp\/v2\/users\/1"}],"replies":[{"embeddable":true,"href":"https:\/\/www.angelverein-brokstedt.de\/index.php?rest_route=%2Fwp%2Fv2%2Fcomments&post=24"}],"version-history":[{"count":10,"href":"https:\/\/www.angelverein-brokstedt.de\/index.php?rest_route=\/wp\/v2\/pages\/24\/revisions"}],"predecessor-version":[{"id":799,"href":"https:\/\/www.angelverein-brokstedt.de\/index.php?rest_route=\/wp\/v2\/pages\/24\/revisions\/799"}],"wp:attachment":[{"href":"https:\/\/www.angelverein-brokstedt.de\/index.php?rest_route=%2Fwp%2Fv2%2Fmedia&parent=24"}],"curies":[{"name":"wp","href":"https:\/\/api.w.org\/{rel}","templated":true}]}}