{"id":15,"date":"2021-12-28T19:27:01","date_gmt":"2021-12-28T18:27:01","guid":{"rendered":"https:\/\/www.angelverein-brokstedt.de\/?page_id=15"},"modified":"2026-04-05T13:53:51","modified_gmt":"2026-04-05T11:53:51","slug":"verein","status":"publish","type":"page","link":"https:\/\/www.angelverein-brokstedt.de\/","title":{"rendered":"Verein"},"content":{"rendered":"\n<p>Der <em>Sportanglerverein Brokstedt e.V.<\/em> besteht seit dem 10.04.1965 und hat etwa 180 Mitglieder.<\/p>\n\n\n\n<p>Wir verf\u00fcgen als Vereinsgew\u00e4sser \u00fcber ca. 9 km der St\u00f6r im Bereich Sarlhusen bis Rotensande\/St\u00f6rkathen sowie Teiche in Willenscharen, Sarlhusen und zwei Tonkuhlen in Hennstedt.<\/p>\n\n\n\n<p>Vorrangiges Ziel ist nicht nur das Fischen, sondern auch die Erhaltung der noch vorhandenen Best\u00e4nde an Lachsen, Meer-und Bachforellen, sowie andere vom Aussterben bedrohte heimische Fischarten und deren Lebensr\u00e4ume in Bach und Fluss zu erhalten und zu pflegen.<\/p>\n\n\n\n<p>Wir sind Mitglied im <em>LAV-Schleswig-Holstein<\/em>, <em>KSFV-Steinburg<\/em>, <em>LSV-Schleswig-Holstein<\/em> und in der <em>Arbeitsgemeinschaft Zur Wiedereinb\u00fcrgerung und Bestandserhaltung der Lachse, Meer-und Bachforellen im St\u00f6r und Bramaugebiet<\/em> (Arge St\u00f6r-Braumau).<\/p>\n\n\n\n<p>Gastkarten werden&nbsp;nur&nbsp;an G\u00e4ste von Vereinsmitgliedern ausgegeben.<\/p>\n\n\n\n<p><\/p>\n","protected":false},"excerpt":{"rendered":"<p>Der Sportanglerverein Brokstedt e.V. besteht seit dem 10.04.1965 und hat etwa 180 Mitglieder. Wir verf\u00fcgen als Vereinsgew\u00e4sser \u00fcber ca. 9[&#8230;]<\/p>\n","protected":false},"author":1,"featured_media":0,"parent":0,"menu_order":0,"comment_status":"closed","ping_status":"closed","template":"","meta":{"footnotes":""},"class_list":["post-15","page","type-page","status-publish","hentry"],"_links":{"self":[{"href":"https:\/\/www.angelverein-brokstedt.de\/index.php?rest_route=\/wp\/v2\/pages\/15","targetHints":{"allow":["GET"]}}],"collection":[{"href":"https:\/\/www.angelverein-brokstedt.de\/index.php?rest_route=\/wp\/v2\/pages"}],"about":[{"href":"https:\/\/www.angelverein-brokstedt.de\/index.php?rest_route=\/wp\/v2\/types\/page"}],"author":[{"embeddable":true,"href":"https:\/\/www.angelverein-brokstedt.de\/index.php?rest_route=\/wp\/v2\/users\/1"}],"replies":[{"embeddable":true,"href":"https:\/\/www.angelverein-brokstedt.de\/index.php?rest_route=%2Fwp%2Fv2%2Fcomments&post=15"}],"version-history":[{"count":7,"href":"https:\/\/www.angelverein-brokstedt.de\/index.php?rest_route=\/wp\/v2\/pages\/15\/revisions"}],"predecessor-version":[{"id":786,"href":"https:\/\/www.angelverein-brokstedt.de\/index.php?rest_route=\/wp\/v2\/pages\/15\/revisions\/786"}],"wp:attachment":[{"href":"https:\/\/www.angelverein-brokstedt.de\/index.php?rest_route=%2Fwp%2Fv2%2Fmedia&parent=15"}],"curies":[{"name":"wp","href":"https:\/\/api.w.org\/{rel}","templated":true}]}}