{"id":124,"date":"2021-12-29T17:41:54","date_gmt":"2021-12-29T16:41:54","guid":{"rendered":"https:\/\/www.angelverein-brokstedt.de\/?page_id=124"},"modified":"2025-06-28T23:23:00","modified_gmt":"2025-06-28T21:23:00","slug":"stoer","status":"publish","type":"page","link":"https:\/\/www.angelverein-brokstedt.de\/?page_id=124","title":{"rendered":"St\u00f6r"},"content":{"rendered":"\n<ul class=\"wp-block-list\">\n<li>Der Verein verf\u00fcgt \u00fcber ca. 9 km der St\u00f6r im Bereich Sarlhusen nahe der B\u00fcnzau-M\u00fcndung bis hin zu Rotensande\/St\u00f6rkathen an der Einm\u00fcndung des Kirchweddelbachs<\/li>\n\n\n\n<li>Das Gew\u00e4sser hat eine durchschnittliche Breite von ca. 10 m und Tiefe von 0,5-2,5 m. Langsam und schnell flie\u00dfende Abschnitte mit \u00fcberwiegend sandigem Boden werden gelegentlich von Rauschen unterbrochen und halten mit Uferbewuchs, Steinen und \u00fcberh\u00e4ngenden B\u00e4umen interessante Standpl\u00e4tze f\u00fcr die Fische vor. Die Sicht ist relativ klar, Tidenwechsel der St\u00f6r sind an unserer Vereinsstrecke nicht weiter relevant<\/li>\n\n\n\n<li>Die St\u00f6r ist sehr artenreich. H\u00e4ufige Zielfische sind Hecht, Meerforelle, Flunder und Wei\u00dffische. Vereinzelt kommen Aale, Flussbarsche und Bachforellen vor. In sehr seltenen F\u00e4llen lassen sich auf unserem Streckenabschnitt Quappen, Lachse oder etwa Zander fangen<\/li>\n\n\n\n<li>F\u00fcr Bachforelle, Meerforelle und Lachs gelten an der St\u00f6r Fangbegrenzungen zur Schonung der Best\u00e4nde<\/li>\n<\/ul>\n\n\n<div class=\"n2-section-smartslider fitvidsignore  n2_clear\" data-ssid=\"3\"><div id=\"n2-ss-3-align\" class=\"n2-ss-align\"><div class=\"n2-padding\"><div id=\"n2-ss-3\" data-creator=\"Smart Slider 3\" data-responsive=\"auto\" class=\"n2-ss-slider n2-ow n2-has-hover n2notransition  \"><div class=\"n2-ss-slider-wrapper-inside\">\n        <div class=\"n2-ss-slider-1 n2_ss__touch_element n2-ow\">\n            <div class=\"n2-ss-slider-2 n2-ow\">\n                                                <div class=\"n2-ss-slider-3 n2-ow\">\n\n                    <div class=\"n2-ss-slide-backgrounds n2-ow-all\"><div class=\"n2-ss-slide-background\" data-public-id=\"1\" data-mode=\"fill\"><div class=\"n2-ss-slide-background-image\" data-blur=\"0\" data-opacity=\"100\" data-x=\"50\" data-y=\"50\" data-alt=\"\" data-title=\"\"><picture class=\"skip-lazy\" data-skip-lazy=\"1\"><img decoding=\"async\" src=\"\/\/www.angelverein-brokstedt.de\/wp-content\/uploads\/2021\/12\/stoer1.jpg\" alt=\"\" title=\"\" loading=\"lazy\" class=\"skip-lazy\" data-skip-lazy=\"1\"><\/picture><\/div><div data-color=\"RGBA(255,255,255,0)\" style=\"background-color: RGBA(255,255,255,0);\" class=\"n2-ss-slide-background-color\"><\/div><\/div><div class=\"n2-ss-slide-background\" data-public-id=\"2\" data-mode=\"fill\" aria-hidden=\"true\"><div class=\"n2-ss-slide-background-image\" data-blur=\"0\" data-opacity=\"100\" data-x=\"50\" data-y=\"50\" data-alt=\"\" data-title=\"\"><picture class=\"skip-lazy\" data-skip-lazy=\"1\"><img decoding=\"async\" src=\"\/\/www.angelverein-brokstedt.de\/wp-content\/uploads\/2021\/12\/stoer-2.jpg\" alt=\"\" title=\"\" loading=\"lazy\" class=\"skip-lazy\" data-skip-lazy=\"1\"><\/picture><\/div><div data-color=\"RGBA(255,255,255,0)\" style=\"background-color: RGBA(255,255,255,0);\" class=\"n2-ss-slide-background-color\"><\/div><\/div><div class=\"n2-ss-slide-background\" data-public-id=\"3\" data-mode=\"fill\" aria-hidden=\"true\"><div class=\"n2-ss-slide-background-image\" data-blur=\"0\" data-opacity=\"100\" data-x=\"50\" data-y=\"50\" data-alt=\"\" data-title=\"\"><picture class=\"skip-lazy\" data-skip-lazy=\"1\"><img decoding=\"async\" src=\"\/\/www.angelverein-brokstedt.de\/wp-content\/uploads\/slider3\/20230219_123138.jpeg\" alt=\"\" title=\"\" loading=\"lazy\" class=\"skip-lazy\" data-skip-lazy=\"1\"><\/picture><\/div><div data-color=\"RGBA(255,255,255,0)\" style=\"background-color: RGBA(255,255,255,0);\" class=\"n2-ss-slide-background-color\"><\/div><\/div><div class=\"n2-ss-slide-background\" data-public-id=\"4\" data-mode=\"fill\" aria-hidden=\"true\"><div class=\"n2-ss-slide-background-image\" data-blur=\"0\" data-opacity=\"100\" data-x=\"50\" data-y=\"50\" data-alt=\"\" data-title=\"\"><picture class=\"skip-lazy\" data-skip-lazy=\"1\"><img decoding=\"async\" src=\"\/\/www.angelverein-brokstedt.de\/wp-content\/uploads\/slider3\/20230508_115339.jpeg\" alt=\"\" title=\"\" loading=\"lazy\" class=\"skip-lazy\" data-skip-lazy=\"1\"><\/picture><\/div><div data-color=\"RGBA(255,255,255,0)\" style=\"background-color: RGBA(255,255,255,0);\" class=\"n2-ss-slide-background-color\"><\/div><\/div><\/div>                    <div class=\"n2-ss-slider-4 n2-ow\">\n                        <svg xmlns=\"http:\/\/www.w3.org\/2000\/svg\" viewBox=\"0 0 1200 600\" data-related-device=\"desktopPortrait\" class=\"n2-ow n2-ss-preserve-size n2-ss-preserve-size--slider n2-ss-slide-limiter\"><\/svg><div data-first=\"1\" data-slide-duration=\"0\" data-id=\"7\" data-slide-public-id=\"1\" data-title=\"st\u00f6r1\" class=\"n2-ss-slide n2-ow  n2-ss-slide-7\"><div role=\"note\" class=\"n2-ss-slide--focus\" tabindex=\"-1\">st\u00f6r1<\/div><div class=\"n2-ss-layers-container n2-ss-slide-limiter n2-ow\"><div class=\"n2-ss-layer n2-ow n-uc-a2Ny9BqsKL6N\" data-sstype=\"slide\" data-pm=\"default\"><\/div><\/div><\/div><div data-slide-duration=\"0\" data-id=\"8\" data-slide-public-id=\"2\" aria-hidden=\"true\" data-title=\"st\u00f6r 2\" class=\"n2-ss-slide n2-ow  n2-ss-slide-8\"><div role=\"note\" class=\"n2-ss-slide--focus\" tabindex=\"-1\">st\u00f6r 2<\/div><div class=\"n2-ss-layers-container n2-ss-slide-limiter n2-ow\"><div class=\"n2-ss-layer n2-ow n-uc-ZVEjdvBGjIsg\" data-sstype=\"slide\" data-pm=\"default\"><\/div><\/div><\/div><div data-slide-duration=\"0\" data-id=\"11\" data-slide-public-id=\"3\" aria-hidden=\"true\" data-title=\"St\u00f6r_3\" class=\"n2-ss-slide n2-ow  n2-ss-slide-11\"><div role=\"note\" class=\"n2-ss-slide--focus\" tabindex=\"-1\">St\u00f6r_3<\/div><div class=\"n2-ss-layers-container n2-ss-slide-limiter n2-ow\"><div class=\"n2-ss-layer n2-ow n-uc-cNkXVNYqysxT\" data-sstype=\"slide\" data-pm=\"default\"><\/div><\/div><\/div><div data-slide-duration=\"0\" data-id=\"12\" data-slide-public-id=\"4\" aria-hidden=\"true\" data-title=\"St\u00f6r_4\" class=\"n2-ss-slide n2-ow  n2-ss-slide-12\"><div role=\"note\" class=\"n2-ss-slide--focus\" tabindex=\"-1\">St\u00f6r_4<\/div><div class=\"n2-ss-layers-container n2-ss-slide-limiter n2-ow\"><div class=\"n2-ss-layer n2-ow n-uc-8P1cWNb3wUKP\" data-sstype=\"slide\" data-pm=\"default\"><\/div><\/div><\/div>                    <\/div>\n\n                                    <\/div>\n            <\/div>\n        <\/div>\n        <div class=\"n2-ss-slider-controls n2-ss-slider-controls-absolute-left-center\"><div style=\"--widget-offset:15px;\" class=\"n2-ss-widget nextend-arrow n2-ow-all nextend-arrow-previous  nextend-arrow-animated-fade\" data-hide-mobileportrait=\"1\" id=\"n2-ss-3-arrow-previous\" role=\"button\" aria-label=\"previous arrow\" tabindex=\"0\"><img loading=\"lazy\" decoding=\"async\" width=\"32\" height=\"32\" class=\"skip-lazy\" data-skip-lazy=\"1\" src=\"data:image\/svg+xml;base64,PHN2ZyB3aWR0aD0iMzIiIGhlaWdodD0iMzIiIHZpZXdCb3g9IjAgMCAzMiAzMiIgeG1sbnM9Imh0dHA6Ly93d3cudzMub3JnLzIwMDAvc3ZnIj4KICAgIDxwYXRoIGQ9Ik0xMS40MzMgMTUuOTkyTDIyLjY5IDUuNzEyYy4zOTMtLjM5LjM5My0xLjAzIDAtMS40Mi0uMzkzLS4zOS0xLjAzLS4zOS0xLjQyMyAwbC0xMS45OCAxMC45NGMtLjIxLjIxLS4zLjQ5LS4yODUuNzYtLjAxNS4yOC4wNzUuNTYuMjg0Ljc3bDExLjk4IDEwLjk0Yy4zOTMuMzkgMS4wMy4zOSAxLjQyNCAwIC4zOTMtLjQuMzkzLTEuMDMgMC0xLjQybC0xMS4yNTctMTAuMjkiCiAgICAgICAgICBmaWxsPSIjZmZmZmZmIiBvcGFjaXR5PSIwLjgiIGZpbGwtcnVsZT0iZXZlbm9kZCIvPgo8L3N2Zz4=\" alt=\"previous arrow\"><\/div><\/div><div class=\"n2-ss-slider-controls n2-ss-slider-controls-absolute-right-center\"><div style=\"--widget-offset:15px;\" class=\"n2-ss-widget nextend-arrow n2-ow-all nextend-arrow-next  nextend-arrow-animated-fade\" data-hide-mobileportrait=\"1\" id=\"n2-ss-3-arrow-next\" role=\"button\" aria-label=\"next arrow\" tabindex=\"0\"><img loading=\"lazy\" decoding=\"async\" width=\"32\" height=\"32\" class=\"skip-lazy\" data-skip-lazy=\"1\" src=\"data:image\/svg+xml;base64,PHN2ZyB3aWR0aD0iMzIiIGhlaWdodD0iMzIiIHZpZXdCb3g9IjAgMCAzMiAzMiIgeG1sbnM9Imh0dHA6Ly93d3cudzMub3JnLzIwMDAvc3ZnIj4KICAgIDxwYXRoIGQ9Ik0xMC43MjIgNC4yOTNjLS4zOTQtLjM5LTEuMDMyLS4zOS0xLjQyNyAwLS4zOTMuMzktLjM5MyAxLjAzIDAgMS40MmwxMS4yODMgMTAuMjgtMTEuMjgzIDEwLjI5Yy0uMzkzLjM5LS4zOTMgMS4wMiAwIDEuNDIuMzk1LjM5IDEuMDMzLjM5IDEuNDI3IDBsMTIuMDA3LTEwLjk0Yy4yMS0uMjEuMy0uNDkuMjg0LS43Ny4wMTQtLjI3LS4wNzYtLjU1LS4yODYtLjc2TDEwLjcyIDQuMjkzeiIKICAgICAgICAgIGZpbGw9IiNmZmZmZmYiIG9wYWNpdHk9IjAuOCIgZmlsbC1ydWxlPSJldmVub2RkIi8+Cjwvc3ZnPg==\" alt=\"next arrow\"><\/div><\/div><\/div><\/div><ss3-loader><\/ss3-loader><\/div><\/div><div class=\"n2_clear\"><\/div><\/div>\n\n\n<figure class=\"wp-block-image size-large is-style-default\"><img loading=\"lazy\" decoding=\"async\" width=\"988\" height=\"1024\" src=\"https:\/\/www.angelverein-brokstedt.de\/wp-content\/uploads\/2021\/12\/Stoer-SAV-Grenzen-988x1024.jpg\" alt=\"\" class=\"wp-image-122\" srcset=\"https:\/\/www.angelverein-brokstedt.de\/wp-content\/uploads\/2021\/12\/Stoer-SAV-Grenzen-988x1024.jpg 988w, https:\/\/www.angelverein-brokstedt.de\/wp-content\/uploads\/2021\/12\/Stoer-SAV-Grenzen-289x300.jpg 289w, https:\/\/www.angelverein-brokstedt.de\/wp-content\/uploads\/2021\/12\/Stoer-SAV-Grenzen-768x796.jpg 768w, https:\/\/www.angelverein-brokstedt.de\/wp-content\/uploads\/2021\/12\/Stoer-SAV-Grenzen.jpg 1070w\" sizes=\"auto, (max-width: 988px) 100vw, 988px\" \/><\/figure>\n","protected":false},"excerpt":{"rendered":"","protected":false},"author":1,"featured_media":0,"parent":0,"menu_order":0,"comment_status":"closed","ping_status":"closed","template":"","meta":{"footnotes":""},"class_list":["post-124","page","type-page","status-publish","hentry"],"_links":{"self":[{"href":"https:\/\/www.angelverein-brokstedt.de\/index.php?rest_route=\/wp\/v2\/pages\/124","targetHints":{"allow":["GET"]}}],"collection":[{"href":"https:\/\/www.angelverein-brokstedt.de\/index.php?rest_route=\/wp\/v2\/pages"}],"about":[{"href":"https:\/\/www.angelverein-brokstedt.de\/index.php?rest_route=\/wp\/v2\/types\/page"}],"author":[{"embeddable":true,"href":"https:\/\/www.angelverein-brokstedt.de\/index.php?rest_route=\/wp\/v2\/users\/1"}],"replies":[{"embeddable":true,"href":"https:\/\/www.angelverein-brokstedt.de\/index.php?rest_route=%2Fwp%2Fv2%2Fcomments&post=124"}],"version-history":[{"count":6,"href":"https:\/\/www.angelverein-brokstedt.de\/index.php?rest_route=\/wp\/v2\/pages\/124\/revisions"}],"predecessor-version":[{"id":676,"href":"https:\/\/www.angelverein-brokstedt.de\/index.php?rest_route=\/wp\/v2\/pages\/124\/revisions\/676"}],"wp:attachment":[{"href":"https:\/\/www.angelverein-brokstedt.de\/index.php?rest_route=%2Fwp%2Fv2%2Fmedia&parent=124"}],"curies":[{"name":"wp","href":"https:\/\/api.w.org\/{rel}","templated":true}]}}